{"id":87,"date":"2014-02-06T14:25:47","date_gmt":"2014-02-06T12:25:47","guid":{"rendered":"https:\/\/ihp.ro\/en\/?page_id=87"},"modified":"2015-06-24T13:32:17","modified_gmt":"2015-06-24T11:32:17","slug":"patents","status":"publish","type":"page","link":"https:\/\/ihp.ro\/en\/research\/patents\/","title":{"rendered":"Patents"},"content":{"rendered":"<p align=\"left\"><em><span style=\"color: #000099; font-family: Arial,Helvetica,sans-serif; font-size: small;\"><strong>PATENTS OWNED BY INOE 2000-IHP:<\/strong><\/span><\/em><\/p>\n<p style=\"text-align: justify;\"><span style=\"font-family: tahoma,arial,helvetica,sans-serif;\"><span style=\"color: #000000; font-size: small;\"><strong>1 DIVIZOR HIDRAULIC PROPORTIONAL <\/strong><br \/>\n88861 \/ 1986<br \/>\nDr. Ing. DRUMEA Petrin, Ing. BALAN Ion<br \/>\n<strong>2 DISTRIBUITOR HIDRAULIC UNIVERSAL <\/strong><br \/>\n88862 \/ 1986<br \/>\nDr. Ing. DRUMEA Petrin, Ing. BALAN Ion<br \/>\n<strong>3 DISPOZITIV DE COMPENSARE SUPLIMENTARA A JOCULUI FRONTAL LA POMPELE CU ROTI DINTATE <\/strong><br \/>\n100026 \/ 1989<br \/>\nIng. ENACHE Liviu<br \/>\n<strong>4 SISTEM DE ETANSARE PE ARBORI <\/strong><br \/>\n107462 \/ 1991<br \/>\nIng. ENACHE Liviu<br \/>\n<strong>5 METODE DE MONTARE A BUCSELOR DE COMPENSARE DE LA POMPELE CU ROTI DINTATE <\/strong><br \/>\n101621 \/ 1991<br \/>\nIng. ENACHE Liviu<br \/>\n<strong>6 ADAPTOR PENTRU ACTIONARE CU MOTOR TERMIC A PUNTII MOTOARE A UNUI ELECTROCAR<\/strong><br \/>\n07019 \/ 1992<br \/>\nIng. MIHAI Niculae, Ing. CIONTU Gheorghe, Ing. POPA Ioan<br \/>\n<strong>7 AMBARCATIUNE PROPULSATA DE ENERGIA VALURILOR, CU STABILIZATOR DE RULIU SI DEMAROR HIDRAULIC <\/strong><br \/>\n113583 \/ 1996<br \/>\nIng. MOLDOVEANU Ioan<br \/>\n<strong>8 DISPOZITIV HIDRAULIC UNIVERSAL PENTRU INTERVENTII LA ACCIDENTE SI CALAMITATI<\/strong><br \/>\nC 1800 \/ 26.09.1997 ; 117959 \/ 2002<br \/>\nDr. Ing. DRUMEA Petrin, Ing. IONITA Niculae, Ing. NITA Ionel<br \/>\n<strong>9 VENTIL PNEUMATIC CU \u00ceNCHIDERE ETANSA <\/strong><br \/>\nC 1801 \/ 26.09.1997 ; 117726 \/ 2002<br \/>\nIng. RADULESCU Gabriel, Ing. IONITA Niculae, Ing. ENACHE Liviu<br \/>\n<strong>10 DISTRIBUITOR HIDRAULIC MANUAL DE \u00ceNALTA PRESIUNE <\/strong><br \/>\nC 1802 \/ 26.09.1997 ; 118035 \/ 2002<br \/>\nIng. IONITA Niculae , Ing. NITA Ionel, Ing. ENACHE Liviu<br \/>\n<strong>11 REGULATOR DE PRESIUNE PNEUMATIC PROPORTIONAL CU MEMBRANA<\/strong> <\/span><span style=\"color: #000000; font-size: small;\">C 45 \/ 13.01.1998 ; 118097 \/ 2002<br \/>\nDr. Ing. DRUMEA Petrin, Ing. MATACHE Gabriela, Ing. BREAZU Stefan<br \/>\n<strong>12 REGULATOR DE PRESIUNE PIEZOELECTRIC <\/strong><br \/>\nC 46 \/ 13.01.1998 ; 118036 \/ 2002<br \/>\nDr. Ing. DRUMEA Petrin, Ing. MARIN Mihai, Ing. MATACHE Gabriela , Ing. COMES Mircea<br \/>\n<strong>13 REGULATOR DE PRESIUNE PNEUMATIC CU PISTON <\/strong><br \/>\nC 47 \/ 13.01.1998 ; 118152 \/ 2002<br \/>\nDr. Ing. DRUMEA Petrin, Ing. MARIN Mihai, Ing. GRIGOROIU Mihai, Ing. BREAZU Stefan<br \/>\n<strong>14 REGULATOR DE PRESIUNE SERVOPNEUMATIC <\/strong><br \/>\nC 48 \/ 13.01.1998 ; 118232 \/ 2003<br \/>\nDr. Ing. DRUMEA Petrin, Ing. MARIN Mihai, Ing. MATACHE Gabriela, Ing. BREAZU Stefan<br \/>\n<strong>15 POMPA ELECTROMAGNETICA PENTRU COMBUSTIBILI LICHIZI<\/strong> C 166 \/ 03.02.1998<br \/>\n114918 \/ 1999<br \/>\nDr. Ing. DRUMEA Petrin, Ing. IONITA Niculae , Ing. COMES Mircea<br \/>\n<strong>16 DISTRIBUITOR DE FLUIDE <\/strong><br \/>\nC 238 \/ 12.02.1998 ; 118322 \/ 2003<br \/>\nIng. IONITA Niculae , Ing. NITA Ionel, Ing. ROTARU Danut<br \/>\n<strong>17 SISTEM DE ETANSARE PENTRU MISCARI DE TRANSLATIE <\/strong><br \/>\nC 239 \/ 12.02.1998 ; 116498 \/ 2001<br \/>\nIng. ENACHE Liviu, Ing. DUMITRESCU Catalin<br \/>\n<strong>18 AMPLIFICATOR ELECTROHIDRAULIC PROPORTIONAL <\/strong><br \/>\nC 766 \/ 23.03.1998 ; 118475 \/ 2003<br \/>\nIng. MARIN Alexandru, Ing. VASILIU Nicolae, Dr. Ing. DRUMEA Petrin<br \/>\n<strong>19 ANSAMBLU VACUUMATIC PENTRU ACTIONAREA AMBREIAJULUI AUTO <\/strong><br \/>\nC 1660 \/ 09.12.1998 ; 117981 \/ 2002<br \/>\nIng. ANGHEL Sava , Ing. POPESCU Costinel, Ing. FEODOROV Ivan Alexandru, Ing. BOIANGIU Iuliana<br \/>\n<strong>20 POMPA DE \u00ceNALTA PRESIUNE CU DOUA REGIMURI DE FUNCTIONARE<\/strong> C 932 \/ 15.08.2001 ; 119085 \/ 2004<br \/>\nIng. IONITA Niculae , Ing. RADULESCU Gabriel, Ing. MIREA Adrian<br \/>\n<strong>21 SUPAPA HIDRAULICA PROPORTIONALA, NORMAL DESCHISA, CU DEBIT MARE<\/strong> A\/ 00087 \u2013 03.02.2004 ; 121971\/2008<br \/>\nDr. Ing. DRUMEA Petrin, Ing. IONITA Niculae, Ing. COMES Mircea, Ing. LEPADATU Ioan, Ing. DUMITRESCU Catalin<br \/>\n<strong>22 LIFT CU SIGURANTA MARITA \u00ceN FUNCTIONARE, PENTRU PERSOANE CU DIZABILITATI LOCOMOTORII <\/strong><br \/>\nA \/ 00103 \u2013 17.02.2006 ; 121989\/2008<br \/>\nDr. Ing. DRUMEA Petrin, Ing. IONITA Niculae , Ing. LEPADATU Ioan, Dr. Ing. CRISTESCU Corneliu, Ing. DUMITRESCU Catalin, OPREA Ion<br \/>\n<strong>23 INSTALATIE AUTOMATA PENTRU PROGNOZAREA SI AVERTIZAREA UDARILOR <\/strong><br \/>\nA \/ 00099 \u2013 17.02.2006 ; 121999\/2008<br \/>\nDr. Ing. NICOLESCU Constantin, Ing. BLEJAN Marian, Dr. Ing. POPESCU Costinel<br \/>\n<strong>24 APARAT DE SUCTIUNE <\/strong><br \/>\nA\/ 00089 \u2013 03.02.2004 ; 122187\/2009<br \/>\nDr. Ing. POPESCU Costinel , Ing. ANGHEL Sava , Ing. FEODOROV Alexandru, Ing. MIHAI Nicolae<br \/>\n<strong>25 ST\u00c2LP MOBIL TELECOMANDAT<\/strong><br \/>\nBOPI 4\/2009 A\/ 00088 \u2013 03.02.2004 ; 122371\/2009<br \/>\nDr. Ing. DRUMEA Petrin, Ing. IONITA Niculae , Dr. Ing. COMES Mircea, Dr. Ing. MIREA Adrian, Ing. DUMITRESCU Catalin, OPREA Ion<br \/>\n<strong>26 BARIERA TELECOMANDATA<\/strong><br \/>\nBOPI 7\/2009 A\/ 00864 \u2013 12.10.2005 ; 122499\/2009<br \/>\nDr. Ing. DRUMEA Petrin , Ing. IONITA Niculae, Ing. ILIESCU Adrian , Drd. Ing. ILIE Ioana<br \/>\n<strong>27 POMPA ELECTROMAGNETICA CU DOUA CAMERE<\/strong><br \/>\nBOPI 7\/2009 A \/ 00097 \u2013 17.02.2006, 122503\/2009<br \/>\nDr. Ing. DRUMEA Petrin, Ing. IONITA Niculae , Drd. Ing. COMES Mircea , Drd. Ing. MIREA Adrian<br \/>\n<strong>28 DISPOZITIV ETANS PENTRU GAURIREA SUB PRESIUNE A CONDUCTELOR METALICE<\/strong><br \/>\nBOPI 9\/2009 A \/ 00105 \u2013 14.02.2007 ; 122584\/30.09.2009<br \/>\nDrd. Ing. POPESCU Teodor Costinel, Dr. Ing. MARIN Daniel, Dr. Ing. DRUMEA Petrin, Ing. ALEXANDRESCU Stefan<br \/>\n<strong>29 CRIC ELECTROPNEUMATIC<\/strong><br \/>\nBOPI 9\/2009 A \/ 00517 \u2013 03.07.2006 ; 122585\/30.09.2009<br \/>\nDr. Ing. DRUMEA Petrin, Ing. IONITA Niculae, Drd. Ing. ILIE Ioana, Drd. Ing. COMES Mircea<br \/>\nIng. RADOI Radu \u2013 Iulian<br \/>\n<strong>30 DIVIZOR DE DEBIT CU COMANDA ELECTROMAGNETICA<\/strong><br \/>\nBOPI 9\/2009 A \/ 00405 \u2013 12.06.2007 ; 122596\/30.09.2009<br \/>\nDr. Ing. DRUMEA Petrin, Ing. IONITA Niculae, Drd. Ing. DUMITRESCU Catalin, Ing. ROTARU Danut, Ing. DUMITRESCU Liliana<br \/>\n<strong>31 TRANSFORMATOR HIDRAULIC<\/strong><br \/>\nBOPI 10\/2009 A \/ 00100 \u2013 17.02.2006 ; 122647\/30.20.2009<br \/>\nDr. Ing. DRUMEA Petrin , Ing. IONITA Niculae, Ing. DUMITRESCU Catalin<br \/>\n<strong>32 DEBITMETRU PENTRU BRAZDE<\/strong><br \/>\nBOPI 10\/2009 A \/ 00101 \u2013 17.02.2006 ; 122650\/30.10.2009<br \/>\nDr. Ing. NICOLESCU Constantin , Dr. Ing. DRUMEA Petrin , Dr. Ing. SOVAIALA Gheorghe<br \/>\n<strong>33 SUPAPA PNEUMATICA, CU COMANDA ELECTROHIDRAULICA<\/strong><br \/>\nBOPI 10\/2009 A \/ 00098 \u2013 17.02.2006 ; 122651\/30.10.2009<br \/>\nDr. Ing. DRUMEA Petrin, Ing. IONITA Niculae , Ing. DUMITRESCU Liliana , Drd. Ing. BLEJAN Marian<br \/>\n<strong>34 DISTRIBUITOR HIDRAULIC CU COMANDA ELECTRICA, TIP CARTUS<\/strong><br \/>\nBOPI 10\/2009 A \/ 00877 \u2013 18.12.2007 ; 122648\/30.10.2009<br \/>\nIng. IONITA Niculae, Drd. Ing. DUMITRESCU Catalin<br \/>\n<strong>35 GARNITURA PENTRU CONDUCTE<\/strong><br \/>\nBOPI 11\/2009 A \/ 00102 \u2013 17.02.2006 ; 122654\/2009<br \/>\nDr. Ing. NICOLESCU Constantin, Ing. ANGHEL Sava<br \/>\n<strong>36 DISPOZITIV ELECTROPNEUMATIC PENTRU PERFUZIE<\/strong><br \/>\nA \/ 00021 \u2013 18.01.2007 ; 122709\/2009<br \/>\nDr. Ing. DRUMEA Petrin, Ing. IONITA Niculae, Drd. Ing. COMES Mircea, Drd. Ing. BLEJAN Marian, Drd. Ing. DUTU Iulian<br \/>\n<strong>37 DISPOZITIV DE CONECTARE A UNUI TUB COLECTOR LA UN JGHEAB DE ACOPERIS<\/strong><br \/>\nA \/ 00203 \u2013 19.03.2007 ; 122921\/2010<br \/>\nDr. Ing. NICOLESCU Constantin, Drd. Ing. POPESCU Teodor Costinel, Ing. ALEXANDRESCU Stefan, Ing. ANDREI Florin<br \/>\n<strong>38 DISPOZITIV PENTRU MASURAREA CUPLULUI SI TURATIEI<\/strong><br \/>\nA \/ 00516 \u2013 03.07.2006 ; 122931\/2010<br \/>\nDr. Ing. DRUMEA Petrin, Ing. IONITA Niculae, Drd. Ing. COMES Mircea, Drd. Ing. BLEJAN Marian, Ing. DUTU Iulian<br \/>\n<strong>39 CUTIE DE VITEZE HIDRAULICA <\/strong><br \/>\nA \/ 00515 \u2013 03.07.2006 ; 122974\/2010<br \/>\nDr. Ing. DRUMEA Petrin, Ing. IONITA Niculae, Ing. DUMITRESCU Catalin, Ing. RADOI Radu<br \/>\n<strong>40 INSTALATIE HIDRAULICA DE RECUPERARE A ENERGIEI DE FR\u00c2NARE <\/strong><br \/>\nA \/ 00514 \u2013 03.07.2006 ; 122959\/2010<br \/>\nDr. Ing. DRUMEA Petrin, Ing. IONITA Niculae, Drd. Ing. LEPADATU Ioan, Dr. Ing. CRISTESCU Corneliu, Ing. DUMITRESCU Catalin<br \/>\n<strong>41 STIVUITOR PENTRU MANEVRAREA SARCINILOR MICI SI COMPACTE<\/strong><br \/>\nA \/ 00513 \u2013 03.07.2006 ; 123075\/2010<br \/>\nMat. Ing. RADULESCU Gabriel, Ing. IONITA Niculae, Ing. DUMITRESCU Catalin, Ing. DUMITRESCU Liliana, Ing. RADOI Radu<br \/>\n<strong>42 CILINDRU HIDRAULIC PENTRU PRESARE <\/strong><br \/>\nA \/ 00023 \u2013 18.01.2007 ; 123079\/2010<br \/>\nIng. IONITA Niculae, Drd. Ing. DUMITRESCU Catalin, Ing. DUMITRESCU Liliana<br \/>\n<strong>43 INSTALATIE DE AUTOMATIZARE SI MONITORIZARE PENTRU IRIGATIA PRIN PICURARE <\/strong><br \/>\nA \/ 00768 \u2013 10.10.2006 ; 123240\/2011<br \/>\nDr. Ing. NICOLESCU Constantin, Dr. Ing. POPESCU Gheorghe, Drd. Ing. BLEJAN Marian, Ing. G\u00c2SCA Gheorghe, Ing. BIOLAN Ilie<br \/>\n<strong>44 ECHIPAMENT HIDRAULIC ROTATIV<\/strong><br \/>\nA \/ 00320 \u2013 24.04.2008 ; 123329\/2011<br \/>\nIng. IONITA Niculae<br \/>\n<strong>45 ECHIPAMENT PENTRU DEPOLUAREA AERULUI DIN SPATIILE DESCHISE ALE AGLOMERATIILOR URBANE CU TRAFIC AUTO INTENS<\/strong><br \/>\nA \/ 00708 \u2013 12.09.2008 ; 125585\/30.01.2012<br \/>\nDrd. Ing. LEPADATU Ioan, Prof. Dr. Ing. CIOC\u00c2NEA Adrian, Mat. Ing. RADULESCU Gabriel<br \/>\n<strong>46 DISPOZITIV TRIBOLOGIC PENTRU CILINDRI PNEUMATICI<\/strong><br \/>\nBOPI 4 din 2011<br \/>\nA \/ 00214 \u2013 22.03.2007 ; 126235\/30.03.2012<br \/>\nIng. IONITA Niculae, Mat. Ing. RADULESCU Gabriel, Drd. Ing. DUMITRESCU Catalin<br \/>\n<strong>47 MASINA HIDRAULICA ROTATIVA (UNITATE HIDRAULICA ROTATIVA UNIVERSALA)<\/strong><br \/>\nA \/ 00310 \u2013 09.05.2007 ; 123433\/30.04.2012<br \/>\nIng. IONITA Niculae, Drd. Ing. DUMITRESCU Catalin, Ing. ROTARU Danut<br \/>\n<strong>48 TRANSFORMATOR HIDRAULIC ROTATIV (MULTIPLICATOR HIDRAULIC ROTATIV DE PRESIUNE CONTINUA)<\/strong><br \/>\nA \/ 00311 \u2013 09.05.2007 ; 123434\/30.04.2012<br \/>\nIng. IONITA Niculae, Drd. Ing. DUMITRESCU Catalin, Ing. DUMITRESCU Liliana<br \/>\n<strong>49 BUTELIE VIBRATOARE CU ACTIONARE HIDRAULICA, PENTRU BETOANE<\/strong><br \/>\nBOPI 8 din 2011<br \/>\nA \/ 00492 \u2013 26.06.2008 ; 126576\/30.08.2012<br \/>\nIng. IONITA Niculae<br \/>\n<strong>50 DISPOZITIV DE ORIENTARE AUTOMATA A UNUI CAPTATOR DE ENERGIE SOLARA MECANISM DE ORIENTARE A PANOURILOR SOLARE<\/strong><br \/>\nBOPI 9 din 2011<br \/>\nA \/ 00257 \u2013 22.03.2010 ; 126700\/30.08.2012<br \/>\nIng. IONITA Niculae, Drd. Ing. DUMITRESCU Catalin<br \/>\n<strong>51 TURBINA EOLIANA<\/strong><br \/>\nBOPI 2 din 2012<br \/>\nA \/ 00741 \u2013 16.08.2010 ; 127087\/30.08.2012<br \/>\nIng. IONITA Niculae, Drd. Ing. DUMITRESCU Catalin<br \/>\n<strong>52 DISPOZITIV PENTRU PROBAREA ETANSARILOR PISTOANELOR CILINDRILOR HIDRAULICI<\/strong><br \/>\nBOPI 10 din 2011 ; A \/ 00314 \u2013 08.04.2010 ; 126790\/30.10.2012<br \/>\nIng. ALEXANDRESCU Stefan, Ing. ANGHEL Sava, Dr. Ing. SOVAIALA Gheorghe<br \/>\n<\/span><span style=\"font-size: small;\"><b>53 <\/b><b>POMP\u0102 HIDRAULIC\u0102 PROPOR\u0162IONAL\u0102 R\u0102STURNABIL\u0102<br \/>\n<\/b>BOPI 8 din 2011 ; A \/ 00153 \u2013 26.02.2008 ; 126584\/29.03.2013<br \/>\nIng. IONI\u0162\u0102 Niculae, Mat. Ing. R\u0102DULESCU Gabriel, Drd. Ing. DUMITRESCU C\u0103t\u0103lin<br \/>\n<b>54 DIVIZOR \u2013 SUMATOR DE DEBITE HIDRAULICE<br \/>\n<\/b>BOPI 8 din 2011 ; A \/ 00491 \u2013 26.06.2008 ; 126592\/29.03.2013<br \/>\nIng. IONI\u0162\u0102 Niculae<br \/>\n<b>55 POMP\u0102 HIDRAULIC\u0102 CU ASPIRA\u0162IE FOR\u0162AT\u0102<br \/>\n<\/b>BOPI 2 din 2011 ; A \/ 00987 \u2013 15.12.2008 ; 126055\/28.06.2013<br \/>\nIng. IONI\u0162\u0102 Niculae<br \/>\n<b>56 STAND DE TESTARE COMPARATIV\u0102 LA ANDURAN\u0162\u0102 A POMPELOR HIDROSTATICE ROTATIVE<br \/>\n<\/b>A \/ 00242 \u2013 04.04.2007 ; 128056\/28.06.2013<br \/>\nIng. IONI\u0162\u0102 Niculae, Drd. Ing. DUMITRESCU C\u0103t\u0103lin, Ing. DUMITRESCU Liliana<br \/>\n<b>57 UNITATE HIDRAULIC\u0102 PROPOR\u0162IONAL\u0102<br \/>\n<\/b>A \/ 00052 \u2013 23.01.2008 ; 123545\/28.06.2013<br \/>\nIng. IONI\u0162\u0102 Niculae, Mat. Ing. R\u0102DULESCU Gabriel , Drd. Ing. DUMITRESCU C\u0103t\u0103lin, Ing. ROTARU D\u0103nu\u0163<br \/>\n<b>58 FOARFEC\u0102 HIDRAULIC\u0102 CU AMPLIFICATOR INTERN DE PRESIUNE<br \/>\n<\/b>A \/ 00802 \u2013 21.11.2007 ; 125966\/30.10.2013<br \/>\nIng. IONI\u0162\u0102 Niculae, Mat. Ing. R\u0102DULESCU Gabriel<br \/>\n<b>59 <\/b><strong>POMP\u0102 HIDRAULIC\u0102 DE PUTERE CONSTANT\u0102<\/strong><br \/>\nBOPI 1 din 2011<i><i><br \/>\n<\/i><\/i>A \/ 00988 \u2013 15.12.2008; 125987\/30.05.2014<br \/>\nIng. IONI\u0162\u0102 Niculae<br \/>\n<b>60\u00a0UNITATE ELECTROHIDRAULIC\u0102 DE TRANSLA\u0162IE CU SIMETRIE FUNC\u0162IONAL\u0102<i><br \/>\n<\/i><\/b>A \/ 00022 \u2013 18.01.2007; 123620\/30.10.2014<br \/>\nIng. IONI\u0162\u0102 Niculae, Dr. Ing. COMES Mircea, Dr. Ing. BLEJAN Marian, Dr. Ing. R\u0102DOI Radu \u2013 Iulian<br \/>\n<b>61 REGULATOR HIDRAULIC DE DEBIT<i><br \/>\n<\/i><\/b>A \/ 00600 \u2013 31.07.2008; 129110\/30.03.2015<br \/>\nIng. IONI\u0162\u0102 Niculae<br \/>\n<b>62\u00a0<\/b><strong>TEHNOLOGIE DE OB\u0162INERE ANSAMBLURI DE ETANSARE<i><br \/>\n<\/i><\/strong>A \/ 00944 \u2013 18.11.2009; 126389\/30.03.2015<br \/>\nIng. ANGHEL Sava, Dr. Ing. \u015eOV\u0102IAL\u0102 Gheorghe, Dr. Ing. NICOLESCU Constantin, Ing. NI\u0162\u0102 Ionel, Ing. \u015eTEFAN Alexandrescu<br \/>\n<\/span><\/span><\/p>\n","protected":false},"excerpt":{"rendered":"<p>PATENTS OWNED BY INOE 2000-IHP: 1 DIVIZOR HIDRAULIC PROPORTIONAL 88861 \/ 1986 Dr. Ing. DRUMEA Petrin, Ing. BALAN Ion 2 DISTRIBUITOR HIDRAULIC UNIVERSAL 88862 \/ 1986 Dr. Ing. DRUMEA Petrin, Ing. BALAN Ion 3 DISPOZITIV DE COMPENSARE SUPLIMENTARA A JOCULUI FRONTAL LA POMPELE CU ROTI DINTATE 100026 \/ 1989 Ing. ENACHE Liviu 4 SISTEM DE [&hellip;]<\/p>\n","protected":false},"author":1,"featured_media":0,"parent":15,"menu_order":0,"comment_status":"closed","ping_status":"closed","template":"","meta":{"_monsterinsights_skip_tracking":false,"_monsterinsights_sitenote_active":false,"_monsterinsights_sitenote_note":"","_monsterinsights_sitenote_category":0,"footnotes":""},"class_list":["post-87","page","type-page","status-publish","hentry"],"yoast_head":"<!-- This site is optimized with the Yoast SEO plugin v27.2 - https:\/\/yoast.com\/product\/yoast-seo-wordpress\/ -->\n<title>Patents - Hydraulics and Pneumatics Research Institute<\/title>\n<meta name=\"description\" content=\"HYDRAULICS &amp; PNEUMATICS RESEARCH INSTITUTE in Bucharest - ROMANIA is a research, design and production unit in the field of hydraulics and pneumatics.\" \/>\n<meta name=\"robots\" content=\"index, follow, max-snippet:-1, max-image-preview:large, max-video-preview:-1\" \/>\n<link rel=\"canonical\" href=\"https:\/\/ihp.ro\/en\/research\/patents\/\" \/>\n<meta property=\"og:locale\" content=\"en_US\" \/>\n<meta property=\"og:type\" content=\"article\" \/>\n<meta property=\"og:title\" content=\"Patents - Hydraulics and Pneumatics Research Institute\" \/>\n<meta property=\"og:description\" content=\"HYDRAULICS &amp; PNEUMATICS RESEARCH INSTITUTE in Bucharest - ROMANIA is a research, design and production unit in the field of hydraulics and pneumatics.\" \/>\n<meta property=\"og:url\" content=\"https:\/\/ihp.ro\/en\/research\/patents\/\" \/>\n<meta property=\"og:site_name\" content=\"Hydraulics and Pneumatics Research Institute\" \/>\n<meta property=\"article:modified_time\" content=\"2015-06-24T11:32:17+00:00\" \/>\n<meta name=\"twitter:card\" content=\"summary_large_image\" \/>\n<meta name=\"twitter:label1\" content=\"Est. reading time\" \/>\n\t<meta name=\"twitter:data1\" content=\"6 minutes\" \/>\n<script type=\"application\/ld+json\" class=\"yoast-schema-graph\">{\"@context\":\"https:\/\/schema.org\",\"@graph\":[{\"@type\":\"WebPage\",\"@id\":\"https:\/\/ihp.ro\/en\/research\/patents\/\",\"url\":\"https:\/\/ihp.ro\/en\/research\/patents\/\",\"name\":\"Patents - Hydraulics and Pneumatics Research Institute\",\"isPartOf\":{\"@id\":\"https:\/\/ihp.ro\/en\/#website\"},\"datePublished\":\"2014-02-06T12:25:47+00:00\",\"dateModified\":\"2015-06-24T11:32:17+00:00\",\"description\":\"HYDRAULICS & PNEUMATICS RESEARCH INSTITUTE in Bucharest - ROMANIA is a research, design and production unit in the field of hydraulics and pneumatics.\",\"breadcrumb\":{\"@id\":\"https:\/\/ihp.ro\/en\/research\/patents\/#breadcrumb\"},\"inLanguage\":\"en-US\",\"potentialAction\":[{\"@type\":\"ReadAction\",\"target\":[\"https:\/\/ihp.ro\/en\/research\/patents\/\"]}]},{\"@type\":\"BreadcrumbList\",\"@id\":\"https:\/\/ihp.ro\/en\/research\/patents\/#breadcrumb\",\"itemListElement\":[{\"@type\":\"ListItem\",\"position\":1,\"name\":\"Home\",\"item\":\"https:\/\/ihp.ro\/en\/\"},{\"@type\":\"ListItem\",\"position\":2,\"name\":\"RESEARCH\",\"item\":\"https:\/\/ihp.ro\/en\/research\/\"},{\"@type\":\"ListItem\",\"position\":3,\"name\":\"Patents\"}]},{\"@type\":\"WebSite\",\"@id\":\"https:\/\/ihp.ro\/en\/#website\",\"url\":\"https:\/\/ihp.ro\/en\/\",\"name\":\"Hydraulics and Pneumatics Research Institute\",\"description\":\"INOE 2000-IHP\",\"potentialAction\":[{\"@type\":\"SearchAction\",\"target\":{\"@type\":\"EntryPoint\",\"urlTemplate\":\"https:\/\/ihp.ro\/en\/?s={search_term_string}\"},\"query-input\":{\"@type\":\"PropertyValueSpecification\",\"valueRequired\":true,\"valueName\":\"search_term_string\"}}],\"inLanguage\":\"en-US\"}]}<\/script>\n<!-- \/ Yoast SEO plugin. -->","yoast_head_json":{"title":"Patents - Hydraulics and Pneumatics Research Institute","description":"HYDRAULICS & PNEUMATICS RESEARCH INSTITUTE in Bucharest - ROMANIA is a research, design and production unit in the field of hydraulics and pneumatics.","robots":{"index":"index","follow":"follow","max-snippet":"max-snippet:-1","max-image-preview":"max-image-preview:large","max-video-preview":"max-video-preview:-1"},"canonical":"https:\/\/ihp.ro\/en\/research\/patents\/","og_locale":"en_US","og_type":"article","og_title":"Patents - Hydraulics and Pneumatics Research Institute","og_description":"HYDRAULICS & PNEUMATICS RESEARCH INSTITUTE in Bucharest - ROMANIA is a research, design and production unit in the field of hydraulics and pneumatics.","og_url":"https:\/\/ihp.ro\/en\/research\/patents\/","og_site_name":"Hydraulics and Pneumatics Research Institute","article_modified_time":"2015-06-24T11:32:17+00:00","twitter_card":"summary_large_image","twitter_misc":{"Est. reading time":"6 minutes"},"schema":{"@context":"https:\/\/schema.org","@graph":[{"@type":"WebPage","@id":"https:\/\/ihp.ro\/en\/research\/patents\/","url":"https:\/\/ihp.ro\/en\/research\/patents\/","name":"Patents - Hydraulics and Pneumatics Research Institute","isPartOf":{"@id":"https:\/\/ihp.ro\/en\/#website"},"datePublished":"2014-02-06T12:25:47+00:00","dateModified":"2015-06-24T11:32:17+00:00","description":"HYDRAULICS & PNEUMATICS RESEARCH INSTITUTE in Bucharest - ROMANIA is a research, design and production unit in the field of hydraulics and pneumatics.","breadcrumb":{"@id":"https:\/\/ihp.ro\/en\/research\/patents\/#breadcrumb"},"inLanguage":"en-US","potentialAction":[{"@type":"ReadAction","target":["https:\/\/ihp.ro\/en\/research\/patents\/"]}]},{"@type":"BreadcrumbList","@id":"https:\/\/ihp.ro\/en\/research\/patents\/#breadcrumb","itemListElement":[{"@type":"ListItem","position":1,"name":"Home","item":"https:\/\/ihp.ro\/en\/"},{"@type":"ListItem","position":2,"name":"RESEARCH","item":"https:\/\/ihp.ro\/en\/research\/"},{"@type":"ListItem","position":3,"name":"Patents"}]},{"@type":"WebSite","@id":"https:\/\/ihp.ro\/en\/#website","url":"https:\/\/ihp.ro\/en\/","name":"Hydraulics and Pneumatics Research Institute","description":"INOE 2000-IHP","potentialAction":[{"@type":"SearchAction","target":{"@type":"EntryPoint","urlTemplate":"https:\/\/ihp.ro\/en\/?s={search_term_string}"},"query-input":{"@type":"PropertyValueSpecification","valueRequired":true,"valueName":"search_term_string"}}],"inLanguage":"en-US"}]}},"_links":{"self":[{"href":"https:\/\/ihp.ro\/en\/wp-json\/wp\/v2\/pages\/87","targetHints":{"allow":["GET"]}}],"collection":[{"href":"https:\/\/ihp.ro\/en\/wp-json\/wp\/v2\/pages"}],"about":[{"href":"https:\/\/ihp.ro\/en\/wp-json\/wp\/v2\/types\/page"}],"author":[{"embeddable":true,"href":"https:\/\/ihp.ro\/en\/wp-json\/wp\/v2\/users\/1"}],"replies":[{"embeddable":true,"href":"https:\/\/ihp.ro\/en\/wp-json\/wp\/v2\/comments?post=87"}],"version-history":[{"count":8,"href":"https:\/\/ihp.ro\/en\/wp-json\/wp\/v2\/pages\/87\/revisions"}],"predecessor-version":[{"id":221,"href":"https:\/\/ihp.ro\/en\/wp-json\/wp\/v2\/pages\/87\/revisions\/221"}],"up":[{"embeddable":true,"href":"https:\/\/ihp.ro\/en\/wp-json\/wp\/v2\/pages\/15"}],"wp:attachment":[{"href":"https:\/\/ihp.ro\/en\/wp-json\/wp\/v2\/media?parent=87"}],"curies":[{"name":"wp","href":"https:\/\/api.w.org\/{rel}","templated":true}]}}